{"id":71,"date":"2020-04-06T08:21:50","date_gmt":"2020-04-06T08:21:50","guid":{"rendered":"http:\/\/10.1.1.230\/wordpress\/?page_id=71"},"modified":"2020-06-23T09:47:45","modified_gmt":"2020-06-23T09:47:45","slug":"servicios-infraestructura","status":"publish","type":"page","link":"https:\/\/perimetral.com\/index.php\/servicios-infraestructura\/","title":{"rendered":"Infraestructuras"},"content":{"rendered":"\n<p>Le ayudamos a crear el mejor dise\u00f1o de los pilares b\u00e1sicos de su infraestructura: Comunicaciones, Servidores y el Almacenamiento de su informaci\u00f3n.<\/p>\n\n\n\n<div style=\"height:50px\" aria-hidden=\"true\" class=\"wp-block-spacer\"><\/div>\n\n\n\n<figure class=\"wp-block-table aligncenter is-style-regular\"><table class=\"has-fixed-layout\"><tbody><tr><td><\/td><td><\/td><\/tr><tr><td> <img decoding=\"async\" class=\"wp-image-458\" style=\"width: 600px;\" src=\"http:\/\/10.1.1.230\/wordpress\/wp-content\/uploads\/2020\/04\/BAN-ICO-Comunicaciones-01-7.png\" alt=\"\"><br>Armarios de comunicaciones <br>Redes Locales , Conmutaci\u00f3n L2 y L3<br>Interconexi\u00f3n entre sedes<\/td><td><div id=\"metaslider-id-646\" style=\"max-width: 640px; margin: 0 auto;\" class=\"ml-slider-3-40-0 metaslider metaslider-flex metaslider-646 ml-slider ms-theme-default nav-hidden\" role=\"region\" aria-roledescription=\"Slideshow\" aria-label=\"DIAP-Comunicaciones-01\">\n    <div id=\"metaslider_container_646\">\n        <div id=\"metaslider_646\">\n            <ul aria-live=\"polite\" class=\"slides\">\n                <li style=\"display: block; width: 100%;\" class=\"slide-809 ms-image\" aria-roledescription=\"slide\" aria-label=\"slide-809\"><img src=\"https:\/\/perimetral.com\/wp-content\/uploads\/2020\/04\/DIAP-Comunicaciones-A-640-010.jpg\" height=\"424\" width=\"640\" alt=\"\" class=\"slider-646 slide-809\" \/><\/li>\n                <li style=\"display: none; width: 100%;\" class=\"slide-810 ms-image\" aria-roledescription=\"slide\" aria-label=\"slide-810\"><img src=\"https:\/\/perimetral.com\/wp-content\/uploads\/2020\/04\/DIAP-Comunicaciones-A-640-020.jpg\" height=\"424\" width=\"640\" alt=\"\" class=\"slider-646 slide-810\" \/><\/li>\n                <li style=\"display: none; width: 100%;\" class=\"slide-811 ms-image\" aria-roledescription=\"slide\" aria-label=\"slide-811\"><img src=\"https:\/\/perimetral.com\/wp-content\/uploads\/2020\/04\/DIAP-Comunicaciones-A-640-030.jpg\" height=\"424\" width=\"640\" alt=\"\" class=\"slider-646 slide-811\" \/><\/li>\n                <li style=\"display: none; width: 100%;\" class=\"slide-812 ms-image\" aria-roledescription=\"slide\" aria-label=\"slide-812\"><img src=\"https:\/\/perimetral.com\/wp-content\/uploads\/2020\/04\/DIAP-Comunicaciones-A-640-040.jpg\" height=\"424\" width=\"640\" alt=\"\" class=\"slider-646 slide-812\" \/><\/li>\n                <li style=\"display: none; width: 100%;\" class=\"slide-813 ms-image\" aria-roledescription=\"slide\" aria-label=\"slide-813\"><img src=\"https:\/\/perimetral.com\/wp-content\/uploads\/2020\/04\/DIAP-Comunicaciones-A-640-050.jpg\" height=\"424\" width=\"640\" alt=\"\" class=\"slider-646 slide-813\" \/><\/li>\n                <li style=\"display: none; width: 100%;\" class=\"slide-814 ms-image\" aria-roledescription=\"slide\" aria-label=\"slide-814\"><img src=\"https:\/\/perimetral.com\/wp-content\/uploads\/2020\/04\/DIAP-Comunicaciones-A-640-060.jpg\" height=\"424\" width=\"640\" alt=\"\" class=\"slider-646 slide-814\" \/><\/li>\n            <\/ul>\n        <\/div>\n        \n    <\/div>\n<\/div><br><\/td><\/tr><tr><td><\/td><td><\/td><\/tr><tr><td><div id=\"metaslider-id-660\" style=\"max-width: 640px; margin: 0 auto;\" class=\"ml-slider-3-40-0 metaslider metaslider-flex metaslider-660 ml-slider ms-theme-default nav-hidden nav-hidden\" role=\"region\" aria-roledescription=\"Slideshow\" aria-label=\"DIAP-Servers-01\">\n    <div id=\"metaslider_container_660\">\n        <div id=\"metaslider_660\">\n            <ul aria-live=\"polite\" class=\"slides\">\n                <li style=\"display: block; width: 100%;\" class=\"slide-816 ms-image\" aria-roledescription=\"slide\" aria-label=\"slide-816\"><img src=\"https:\/\/perimetral.com\/wp-content\/uploads\/2020\/04\/DIAP-Servidores-A-640-010.jpg\" height=\"424\" width=\"640\" alt=\"\" class=\"slider-660 slide-816\" \/><\/li>\n                <li style=\"display: none; width: 100%;\" class=\"slide-817 ms-image\" aria-roledescription=\"slide\" aria-label=\"slide-817\"><img src=\"https:\/\/perimetral.com\/wp-content\/uploads\/2020\/04\/DIAP-Servidores-A-640-030.jpg\" height=\"424\" width=\"640\" alt=\"\" class=\"slider-660 slide-817\" \/><\/li>\n                <li style=\"display: none; width: 100%;\" class=\"slide-818 ms-image\" aria-roledescription=\"slide\" aria-label=\"slide-818\"><img src=\"https:\/\/perimetral.com\/wp-content\/uploads\/2020\/04\/DIAP-Servidores-A-640-040.jpg\" height=\"424\" width=\"640\" alt=\"\" class=\"slider-660 slide-818\" \/><\/li>\n                <li style=\"display: none; width: 100%;\" class=\"slide-819 ms-image\" aria-roledescription=\"slide\" aria-label=\"slide-819\"><img src=\"https:\/\/perimetral.com\/wp-content\/uploads\/2020\/04\/DIAP-Servidores-A-640-050.jpg\" height=\"424\" width=\"640\" alt=\"\" class=\"slider-660 slide-819\" \/><\/li>\n            <\/ul>\n        <\/div>\n        \n    <\/div>\n<\/div><\/td><td><img decoding=\"async\" class=\"wp-image-459\" style=\"width: 600px;\" src=\"http:\/\/10.1.1.230\/wordpress\/wp-content\/uploads\/2020\/04\/BAN-ICO-Servidores-01-6.png\" alt=\"\"> <br>Equipos f\u00edsicos <br> Entornos de Virtualitzaci\u00f3n &#8216;On Premise&#8217; <br> Entornos Cloud  <br><br>Administraci\u00f3n de sistemas MS Windows y Linux<br>Gesti\u00f3n Plataformas Azure y Office 365<\/td><\/tr><tr><td><\/td><td><\/td><\/tr><tr><td><img decoding=\"async\" class=\"wp-image-460\" style=\"width: 600px;\" src=\"http:\/\/10.1.1.230\/wordpress\/wp-content\/uploads\/2020\/04\/BAN-ICO-Almacenamientol-01-4.png\" alt=\"\"><br> Almacenamiento NAS\/SAN\/DAS<br>Almacenamiento CLOUD <br><br>Estrategia y arquitectura<br>Tolerancia a fallos<br>Control de acceso<\/td><td><div id=\"metaslider-id-672\" style=\"max-width: 640px; margin: 0 auto;\" class=\"ml-slider-3-40-0 metaslider metaslider-flex metaslider-672 ml-slider ms-theme-default nav-hidden nav-hidden nav-hidden\" role=\"region\" aria-roledescription=\"Slideshow\" aria-label=\"DIAP-Storage-01\">\n    <div id=\"metaslider_container_672\">\n        <div id=\"metaslider_672\">\n            <ul aria-live=\"polite\" class=\"slides\">\n                <li style=\"display: block; width: 100%;\" class=\"slide-820 ms-image\" aria-roledescription=\"slide\" aria-label=\"slide-820\"><img src=\"https:\/\/perimetral.com\/wp-content\/uploads\/2020\/04\/DIAP-Almacenamiento-A-640-010.jpg\" height=\"424\" width=\"640\" alt=\"\" class=\"slider-672 slide-820\" \/><\/li>\n                <li style=\"display: none; width: 100%;\" class=\"slide-821 ms-image\" aria-roledescription=\"slide\" aria-label=\"slide-821\"><img src=\"https:\/\/perimetral.com\/wp-content\/uploads\/2020\/04\/DIAP-Almacenamiento-A-640-020.jpg\" height=\"424\" width=\"640\" alt=\"\" class=\"slider-672 slide-821\" \/><\/li>\n                <li style=\"display: none; width: 100%;\" class=\"slide-822 ms-image\" aria-roledescription=\"slide\" aria-label=\"slide-822\"><img src=\"https:\/\/perimetral.com\/wp-content\/uploads\/2020\/04\/DIAP-Almacenamiento-A-640-030.jpg\" height=\"424\" width=\"640\" alt=\"\" class=\"slider-672 slide-822\" \/><\/li>\n                <li style=\"display: none; width: 100%;\" class=\"slide-823 ms-image\" aria-roledescription=\"slide\" aria-label=\"slide-823\"><img src=\"https:\/\/perimetral.com\/wp-content\/uploads\/2020\/04\/DIAP-Almacenamiento-A-640-040.jpg\" height=\"424\" width=\"640\" alt=\"\" class=\"slider-672 slide-823\" \/><\/li>\n            <\/ul>\n        <\/div>\n        \n    <\/div>\n<\/div><\/td><\/tr><\/tbody><\/table><\/figure>\n\n\n\n<p><\/p>\n","protected":false},"excerpt":{"rendered":"<p>Le ayudamos a crear el mejor dise\u00f1o de los pilares b\u00e1sicos de su infraestructura: Comunicaciones, Servidores y el Almacenamiento de&hellip;<\/p>\n","protected":false},"author":1,"featured_media":0,"parent":0,"menu_order":0,"comment_status":"closed","ping_status":"closed","template":"","meta":{"footnotes":""},"_links":{"self":[{"href":"https:\/\/perimetral.com\/index.php\/wp-json\/wp\/v2\/pages\/71"}],"collection":[{"href":"https:\/\/perimetral.com\/index.php\/wp-json\/wp\/v2\/pages"}],"about":[{"href":"https:\/\/perimetral.com\/index.php\/wp-json\/wp\/v2\/types\/page"}],"author":[{"embeddable":true,"href":"https:\/\/perimetral.com\/index.php\/wp-json\/wp\/v2\/users\/1"}],"replies":[{"embeddable":true,"href":"https:\/\/perimetral.com\/index.php\/wp-json\/wp\/v2\/comments?post=71"}],"version-history":[{"count":2,"href":"https:\/\/perimetral.com\/index.php\/wp-json\/wp\/v2\/pages\/71\/revisions"}],"predecessor-version":[{"id":858,"href":"https:\/\/perimetral.com\/index.php\/wp-json\/wp\/v2\/pages\/71\/revisions\/858"}],"wp:attachment":[{"href":"https:\/\/perimetral.com\/index.php\/wp-json\/wp\/v2\/media?parent=71"}],"curies":[{"name":"wp","href":"https:\/\/api.w.org\/{rel}","templated":true}]}}