{"id":716,"date":"2017-11-12T12:29:44","date_gmt":"2017-11-12T12:29:44","guid":{"rendered":"http:\/\/10.1.1.230\/wordpress\/?page_id=2"},"modified":"2020-04-28T16:29:47","modified_gmt":"2020-04-28T16:29:47","slug":"pagina-ejemplo","status":"publish","type":"page","link":"https:\/\/perimetral.com\/","title":{"rendered":"Presentacion"},"content":{"rendered":"<p style=\"padding-left: 40px;\"><strong><em>PERIMETRAL<\/em>, Seguridad y Soluciones Inform\u00e1ticas<\/strong> es una empresa de servicios para las Tecnolog\u00edas de la Informaci\u00f3n.<\/p>\n<p style=\"text-align: left; padding-left: 40px;\">Proveemos soluciones para las necesidades de su empresa mediante nuestros servicios de consultor\u00eda, mantenimiento de los diferentes sistemas y desarrollo de proyectos que se adaptar\u00e1n siempre a sus necesidades en cada momento, sea cual sea el tama\u00f1o de su empresa.<\/p>\n<p style=\"padding-left: 40px;\">Nuestro objetivo es convertirnos en su socio tecnol\u00f3gico, proporcion\u00e1ndole acceso a las \u00faltimas tecnolog\u00edas y al mejor asesoramiento personalizado. Protegiendo sus sistemas conseguimos un mayor grado de fiabilidad ayudando a su competitividad en el mercado.<\/p>\n<p style=\"padding-left: 40px;\">Analizamos tanto soluciones de software propietario como productos bajo licencia GLP comparando su eficiencia individual e integraci\u00f3n con las actuales plataformas de servicios &#8216;On Premise&#8217; y &#8216;Cloud&#8217; para poner a su alcance el m\u00e1s amplio abanico de soluciones posible.<\/p>\n<p style=\"padding-left: 40px;\">Los puntos que nos diferencia del resto de empresas del sector es el enfoque de nuestras soluciones, siempre personalizadas seg\u00fan sus necesidades y sin perder el punto de referencia de la Seguridad Inform\u00e1tica. Esto se ve reflejado tanto en la protecci\u00f3n de los sistemas del cliente como en el asesoramiento y en la puesta en marcha de las implementaciones que realizamos.<\/p>\n\n\n<p><\/p>\n","protected":false},"excerpt":{"rendered":"<p>PERIMETRAL, Seguridad y Soluciones Inform\u00e1ticas es una empresa de servicios para las Tecnolog\u00edas de la Informaci\u00f3n. Proveemos soluciones para las&hellip;<\/p>\n","protected":false},"author":1,"featured_media":0,"parent":0,"menu_order":0,"comment_status":"closed","ping_status":"open","template":"","meta":{"footnotes":""},"_links":{"self":[{"href":"https:\/\/perimetral.com\/index.php\/wp-json\/wp\/v2\/pages\/716"}],"collection":[{"href":"https:\/\/perimetral.com\/index.php\/wp-json\/wp\/v2\/pages"}],"about":[{"href":"https:\/\/perimetral.com\/index.php\/wp-json\/wp\/v2\/types\/page"}],"author":[{"embeddable":true,"href":"https:\/\/perimetral.com\/index.php\/wp-json\/wp\/v2\/users\/1"}],"replies":[{"embeddable":true,"href":"https:\/\/perimetral.com\/index.php\/wp-json\/wp\/v2\/comments?post=716"}],"version-history":[{"count":1,"href":"https:\/\/perimetral.com\/index.php\/wp-json\/wp\/v2\/pages\/716\/revisions"}],"predecessor-version":[{"id":789,"href":"https:\/\/perimetral.com\/index.php\/wp-json\/wp\/v2\/pages\/716\/revisions\/789"}],"wp:attachment":[{"href":"https:\/\/perimetral.com\/index.php\/wp-json\/wp\/v2\/media?parent=716"}],"curies":[{"name":"wp","href":"https:\/\/api.w.org\/{rel}","templated":true}]}}