{"id":73,"date":"2020-04-06T08:22:55","date_gmt":"2020-04-06T08:22:55","guid":{"rendered":"http:\/\/10.1.1.230\/wordpress\/?page_id=73"},"modified":"2020-06-23T09:46:08","modified_gmt":"2020-06-23T09:46:08","slug":"servicios-de-seguridad","status":"publish","type":"page","link":"https:\/\/perimetral.com\/index.php\/servicios-de-seguridad\/","title":{"rendered":"Seguridad"},"content":{"rendered":"\n<p><img decoding=\"async\" loading=\"lazy\" width=\"640\" height=\"465\" class=\"wp-image-850\" style=\"width: 150px;\" src=\"https:\/\/perimetral.com\/wp-content\/uploads\/2020\/05\/IM-Seguridad-01.png\" alt=\"\" srcset=\"https:\/\/perimetral.com\/wp-content\/uploads\/2020\/05\/IM-Seguridad-01.png 640w, https:\/\/perimetral.com\/wp-content\/uploads\/2020\/05\/IM-Seguridad-01-300x218.png 300w\" sizes=\"(max-width: 640px) 100vw, 640px\" \/> Tener una infraestructura eficiente no es suficiente, <\/p>\n\n\n\n<p>debe estar protegida contra los ataques, accidentes y cualquier eventualidad que pueda provocar una parada en su servicio.<\/p>\n\n\n\n<div style=\"height:50px\" aria-hidden=\"true\" class=\"wp-block-spacer\"><\/div>\n\n\n\n<figure class=\"wp-block-table aligncenter\"><table><tbody><tr><td><\/td><td><\/td><\/tr><tr><td><img decoding=\"async\" class=\"wp-image-597\" style=\"width: 600px;\" src=\"http:\/\/10.1.1.230\/wordpress\/wp-content\/uploads\/2020\/04\/BAN-ICO-Firewall-02.png\" alt=\"\"><br> Dispositivos de seguridad Perimetrales<br>Control\/Gesti\u00f3n del tr\u00e1fico<br>VPN &#8211; conexiones seguras<br>Teletrabajo <\/td><td><div id=\"metaslider-id-599\" style=\"max-width: 640px; margin: 0 auto;\" class=\"ml-slider-3-40-0 metaslider metaslider-flex metaslider-599 ml-slider ms-theme-default nav-hidden\" role=\"region\" aria-roledescription=\"Slideshow\" aria-label=\"DIAP-Firewall-01\">\n    <div id=\"metaslider_container_599\">\n        <div id=\"metaslider_599\">\n            <ul aria-live=\"polite\" class=\"slides\">\n                <li style=\"display: block; width: 100%;\" class=\"slide-829 ms-image\" aria-roledescription=\"slide\" aria-label=\"slide-829\"><img src=\"https:\/\/perimetral.com\/wp-content\/uploads\/2020\/04\/DIAP-Firewall-01-640-020.jpg\" height=\"424\" width=\"640\" alt=\"\" class=\"slider-599 slide-829\" \/><\/li>\n                <li style=\"display: none; width: 100%;\" class=\"slide-830 ms-image\" aria-roledescription=\"slide\" aria-label=\"slide-830\"><img src=\"https:\/\/perimetral.com\/wp-content\/uploads\/2020\/04\/DIAP-Firewall-01-640-025.jpg\" height=\"424\" width=\"640\" alt=\"\" class=\"slider-599 slide-830\" \/><\/li>\n                <li style=\"display: none; width: 100%;\" class=\"slide-831 ms-image\" aria-roledescription=\"slide\" aria-label=\"slide-831\"><img src=\"https:\/\/perimetral.com\/wp-content\/uploads\/2020\/04\/DIAP-Firewall-01-640-030.jpg\" height=\"424\" width=\"640\" alt=\"\" class=\"slider-599 slide-831\" \/><\/li>\n                <li style=\"display: none; width: 100%;\" class=\"slide-832 ms-image\" aria-roledescription=\"slide\" aria-label=\"slide-832\"><img src=\"https:\/\/perimetral.com\/wp-content\/uploads\/2020\/04\/DIAP-Firewall-01-640-040.jpg\" height=\"424\" width=\"640\" alt=\"\" class=\"slider-599 slide-832\" \/><\/li>\n                <li style=\"display: none; width: 100%;\" class=\"slide-833 ms-image\" aria-roledescription=\"slide\" aria-label=\"slide-833\"><img src=\"https:\/\/perimetral.com\/wp-content\/uploads\/2020\/04\/DIAP-Firewall-01-640-045.jpg\" height=\"424\" width=\"640\" alt=\"\" class=\"slider-599 slide-833\" \/><\/li>\n                <li style=\"display: none; width: 100%;\" class=\"slide-834 ms-image\" aria-roledescription=\"slide\" aria-label=\"slide-834\"><img src=\"https:\/\/perimetral.com\/wp-content\/uploads\/2020\/04\/DIAP-Firewall-01-640-050.jpg\" height=\"424\" width=\"640\" alt=\"\" class=\"slider-599 slide-834\" \/><\/li>\n                <li style=\"display: none; width: 100%;\" class=\"slide-835 ms-image\" aria-roledescription=\"slide\" aria-label=\"slide-835\"><img src=\"https:\/\/perimetral.com\/wp-content\/uploads\/2020\/04\/DIAP-Firewall-01-640-060.jpg\" height=\"424\" width=\"640\" alt=\"\" class=\"slider-599 slide-835\" \/><\/li>\n            <\/ul>\n        <\/div>\n        \n    <\/div>\n<\/div><\/td><\/tr><tr><td><\/td><td><\/td><\/tr><tr><td><div id=\"metaslider-id-575\" style=\"max-width: 640px; margin: 0 auto;\" class=\"ml-slider-3-40-0 metaslider metaslider-flex metaslider-575 ml-slider ms-theme-default nav-hidden nav-hidden\" role=\"region\" aria-roledescription=\"Slideshow\" aria-label=\"DIAP-Backup-01\">\n    <div id=\"metaslider_container_575\">\n        <div id=\"metaslider_575\">\n            <ul aria-live=\"polite\" class=\"slides\">\n                <li style=\"display: block; width: 100%;\" class=\"slide-824 ms-image\" aria-roledescription=\"slide\" aria-label=\"slide-824\"><img src=\"https:\/\/perimetral.com\/wp-content\/uploads\/2020\/04\/DIAP-Backup-A-640-010.jpg\" height=\"424\" width=\"640\" alt=\"\" class=\"slider-575 slide-824\" \/><\/li>\n                <li style=\"display: none; width: 100%;\" class=\"slide-825 ms-image\" aria-roledescription=\"slide\" aria-label=\"slide-825\"><img src=\"https:\/\/perimetral.com\/wp-content\/uploads\/2020\/04\/DIAP-Backup-A-640-020.jpg\" height=\"424\" width=\"640\" alt=\"\" class=\"slider-575 slide-825\" \/><\/li>\n                <li style=\"display: none; width: 100%;\" class=\"slide-826 ms-image\" aria-roledescription=\"slide\" aria-label=\"slide-826\"><img src=\"https:\/\/perimetral.com\/wp-content\/uploads\/2020\/04\/DIAP-Backup-A-640-030.jpg\" height=\"424\" width=\"640\" alt=\"\" class=\"slider-575 slide-826\" \/><\/li>\n                <li style=\"display: none; width: 100%;\" class=\"slide-827 ms-image\" aria-roledescription=\"slide\" aria-label=\"slide-827\"><img src=\"https:\/\/perimetral.com\/wp-content\/uploads\/2020\/04\/DIAP-Backup-A-640-040.jpg\" height=\"424\" width=\"640\" alt=\"\" class=\"slider-575 slide-827\" \/><\/li>\n            <\/ul>\n        <\/div>\n        \n    <\/div>\n<\/div><\/td><td><img decoding=\"async\" class=\"wp-image-525\" style=\"width: 600px;\" src=\"http:\/\/10.1.1.230\/wordpress\/wp-content\/uploads\/2020\/04\/BAN-ICO-Backup-01-1.png\" alt=\"\">  <br>Backups de datos y servidores<br>Protecci\u00f3n equipos cliente<br>Pol\u00edticas de recuperaci\u00f3n RPO y RTO<br>Externalizaci\u00f3n &#8211; Repositorios Cloud<\/td><\/tr><tr><td><\/td><td><\/td><\/tr><tr><td><img decoding=\"async\" class=\"wp-image-527\" style=\"width: 600px;\" src=\"http:\/\/10.1.1.230\/wordpress\/wp-content\/uploads\/2020\/04\/BAN-ICO-Contingencia-01-1.png\" alt=\"\"><br>Ante un desastre total o parcial<br>el tiempo de respuesta es  cr\u00edtico<br><br>\u00bfTiene pensado como actuar\u00e1? <\/td><td><img decoding=\"async\" loading=\"lazy\" width=\"640\" height=\"425\" class=\"wp-image-845\" style=\"width: 600px;\" src=\"https:\/\/perimetral.com\/wp-content\/uploads\/2020\/05\/IM-Contingencia-01.jpg\" alt=\"\" srcset=\"https:\/\/perimetral.com\/wp-content\/uploads\/2020\/05\/IM-Contingencia-01.jpg 640w, https:\/\/perimetral.com\/wp-content\/uploads\/2020\/05\/IM-Contingencia-01-300x199.jpg 300w\" sizes=\"(max-width: 640px) 100vw, 640px\" \/><\/td><\/tr><\/tbody><\/table><\/figure>\n\n\n\n<p><\/p>\n","protected":false},"excerpt":{"rendered":"<p>Tener una infraestructura eficiente no es suficiente, debe estar protegida contra los ataques, accidentes y cualquier eventualidad que pueda provocar&hellip;<\/p>\n","protected":false},"author":1,"featured_media":0,"parent":0,"menu_order":0,"comment_status":"closed","ping_status":"closed","template":"","meta":{"footnotes":""},"_links":{"self":[{"href":"https:\/\/perimetral.com\/index.php\/wp-json\/wp\/v2\/pages\/73"}],"collection":[{"href":"https:\/\/perimetral.com\/index.php\/wp-json\/wp\/v2\/pages"}],"about":[{"href":"https:\/\/perimetral.com\/index.php\/wp-json\/wp\/v2\/types\/page"}],"author":[{"embeddable":true,"href":"https:\/\/perimetral.com\/index.php\/wp-json\/wp\/v2\/users\/1"}],"replies":[{"embeddable":true,"href":"https:\/\/perimetral.com\/index.php\/wp-json\/wp\/v2\/comments?post=73"}],"version-history":[{"count":13,"href":"https:\/\/perimetral.com\/index.php\/wp-json\/wp\/v2\/pages\/73\/revisions"}],"predecessor-version":[{"id":857,"href":"https:\/\/perimetral.com\/index.php\/wp-json\/wp\/v2\/pages\/73\/revisions\/857"}],"wp:attachment":[{"href":"https:\/\/perimetral.com\/index.php\/wp-json\/wp\/v2\/media?parent=73"}],"curies":[{"name":"wp","href":"https:\/\/api.w.org\/{rel}","templated":true}]}}