{"id":862,"date":"2022-12-21T10:32:23","date_gmt":"2022-12-21T10:32:23","guid":{"rendered":"https:\/\/perimetral.com\/?page_id=862"},"modified":"2022-12-21T10:32:25","modified_gmt":"2022-12-21T10:32:25","slug":"politica-de-privacidad","status":"publish","type":"page","link":"https:\/\/perimetral.com\/index.php\/politica-de-privacidad\/","title":{"rendered":"POL\u00cdTICA DE PRIVACIDAD"},"content":{"rendered":"\n<p><\/p>\n\n\n\n<p>En cumplimiento de lo dispuesto en REGLAMENTO (UE) 2016\/679 DEL PARLAMENTO EUROPEO Y DEL CONSEJO de 27 de abril de 2016 (en adelante, \u201cRGPD\u201d) relativo a la protecci\u00f3n de las personas f\u00edsicas en lo que respecta al tratamiento de datos personales y a la libre circulaci\u00f3n de estos datos, <strong>PERIMETRAL SEGURIDAD Y SOLUCIONES INFORM\u00c1TICAS, S.L.<\/strong> (en adelante \u201c<strong>PERIMETRAL<\/strong>\u201d o \u201c<strong>RESPONSABLE DEL TRATAMIENTO<\/strong>\u201d) le informa como RESPONSABLE DEL TRATAMIENTO de que todos los datos de car\u00e1cter personal que nos proporcione a trav\u00e9s de &lt;<em><u>perimetral.com<\/u>><\/em> ser\u00e1n incorporados a un fichero de datos mantenido bajo estrictas medidas de seguridad y confidencialidad, y se mantendr\u00e1n almacenados mientras gestionamos sus peticiones o consultas, mientras exista una relaci\u00f3n de servicios vigente o hasta que usted nos indique lo contrario.<\/p>\n\n\n\n<p><strong><em><u>RESPONSABLE DEL TRATAMIENTO<\/u><\/em><\/strong><strong><em>:<\/em><\/strong><\/p>\n\n\n\n<p><strong>PERIMETRAL SEGURIDAD Y SOLUCIONES INFORM\u00c1TICAS, S.L.<\/strong>, con NIF <strong>B63307417<\/strong>, domicilio social en <strong>Calle Tenor Vinyes n\u00ba 13, 2-3, 08430, La Roca Del Vall\u00e8s (Barcelona)<\/strong> y contacto &#8216;perimetral@perimetral.com&#8217;, es la entidad Responsable del Tratamiento de sus datos de car\u00e1cter personal. Para cualquier cuesti\u00f3n relacionada con la presente Pol\u00edtica de Privacidad, puede contactar con PERIMETRAL en la direcci\u00f3n postal indicada o a trav\u00e9s de la direcci\u00f3n de correo electr\u00f3nico &#8216;perimetral@perimetral.com&#8217;.<\/p>\n\n\n\n<p><strong><em><u>TIPOLOG\u00cdA Y ORIGEN DE DATOS DE CAR\u00c1CTER PERSONAL<\/u><\/em><\/strong><strong><em>:<\/em><\/strong><\/p>\n\n\n\n<p>PERIMETRAL tratar\u00e1 los datos de car\u00e1cter personal siguientes:<\/p>\n\n\n\n<p>&#8211; Datos proporcionados por el usuario: son aquellos datos personales que usted nos facilite de forma voluntaria a trav\u00e9s del presente Sitio Web, ya sea mediante el formulario de contacto o a trav\u00e9s del correo electr\u00f3nico corporativo facilitado o, en su caso, a trav\u00e9s del registro habilitado. En este caso, la categor\u00eda de datos tratados por PERIMETRAL corresponde a:<\/p>\n\n\n\n<ul><li>Datos identificativos, como nombre, apellidos, etc.,<\/li><li>Direcciones postales o electr\u00f3nicas, tel\u00e9fono, etc.,<\/li><li>Informaci\u00f3n comercial y econ\u00f3mica,<\/li><li>Datos contenidos en el mensaje del usuario.<\/li><\/ul>\n\n\n\n<p>Mientras no se nos comunique lo contrario, entenderemos que los datos facilitados no han sido modificados, que usted se compromete a notificarnos cualquier variaci\u00f3n y que tenemos su consentimiento para utilizarlos para las finalidades mencionadas.<\/p>\n\n\n\n<p><strong><em><u>FINALIDAD Y BASE DE LEGITIMACI\u00d3N<\/u><\/em><\/strong><strong><em>:<\/em><\/strong><\/p>\n\n\n\n<p>Las finalidades y base legal de los tratamiento y operaciones de procesamiento de datos que lleva a cabo PERIMETRAL como Responsable de Tratamiento son exclusivamente las que se describen a continuaci\u00f3n:<\/p>\n\n\n\n<p><a>a) La gesti\u00f3n de consulta y requerimientos web (base de legitimaci\u00f3n EJECUCI\u00d3N CONTRACTUAL);<\/a><\/p>\n\n\n\n<p>b) Gesti\u00f3n de los clientes potenciales y contactos de la empresa (base de legitimaci\u00f3n APLICACI\u00d3N DE MEDIDAS PRE-CONTRACTUALES);<\/p>\n\n\n\n<p>c) Gesti\u00f3n y mantenimiento de la relaci\u00f3n con los clientes, llevar a cabo los servicios contratados por el cliente, adecuaci\u00f3n de las ofertas comerciales de PERIMETRAL a las caracter\u00edsticas particulares del cliente, emitir facturas, realizar la contabilidad, etc. (base de legitimaci\u00f3n EJECUCI\u00d3N CONTRACTUAL);<\/p>\n\n\n\n<p>d) Comercializaci\u00f3n de productos y servicios de PERIMETRAL (base de legitimaci\u00f3n: EJECUCI\u00d3N CONTRACTUAL);<\/p>\n\n\n\n<p>e) Env\u00edo de newsletters, comunicaciones comerciales e informativas de su inter\u00e9s, env\u00edo de boletines electr\u00f3nicos con ofertas, promociones, noticias relacionadas con los productos y servicios de PERIMETRAL (base de legitimaci\u00f3n: CONSENTIMIENTO EXPRESO);<\/p>\n\n\n\n<p>f) Gestionar su candidatura cuando usted env\u00ede su CV y\/o participe en procesos de selecci\u00f3n de PERIMETRAL (base de legitimaci\u00f3n: CONSENTIMIENTO EXPRESO y APLICACI\u00d3N MEDIDAS PRE-CONTRACTUALES);<\/p>\n\n\n\n<p>g) Gestionar su participaci\u00f3n en los sorteos, concursos o promociones organizadas por PERIMETRAL, gestionar el premio y publicar el nombre del ganador y su ciudad de residencia en nuestras redes sociales (base de legitimaci\u00f3n: CONSENTIMIENTO EXPRESO);<\/p>\n\n\n\n<p>h) Mantenimiento de listas de supresi\u00f3n actualizadas para evitar ser contactado si usted lo solicita (base de legitimaci\u00f3n: OBLIGACI\u00d3N LEGAL DEL RESPONSABLE DEL TRATAMIENTO);<\/p>\n\n\n\n<p>i) Realizaci\u00f3n de estad\u00edsticas an\u00f3nimas respecto de los h\u00e1bitos de acceso y la actividad desarrollada por los usuarios en &lt;<em><u>perimetral.com<\/u>&gt;<\/em> (base de legitimaci\u00f3n: INTER\u00c9S LEG\u00cdTIMO).<\/p>\n\n\n\n<p>j) Cumplimiento de las obligaciones legales del Responsable del Tratamiento (base de legitimaci\u00f3n: OBLIGACI\u00d3N LEGAL DEL RESPONSABLE DEL TRATAMIENTO).<\/p>\n\n\n\n<p><strong>Su consentimiento expreso podr\u00e1 ser revocado en cualquier momento, sin que ello afecte a la licitud del tratamiento basado en el consentimiento previo a su retirada.<\/strong><\/p>\n\n\n\n<p><strong><em><u>MENORES DE 14 A\u00d1OS<\/u><\/em><\/strong><strong><em>:<\/em><\/strong><\/p>\n\n\n\n<p>Le informamos que el uso de los formularios disponibles en <a>&lt;<em><u>perimetral.com<\/u>&gt;<\/em><\/a> est\u00e1 limitado a usuarios mayores de 14 a\u00f1os, por lo que al utilizar cualquiera de ellos, usted garantiza que cumple con este requisito y acepta las consecuencias que se deriven en caso de no ser as\u00ed. Los formularios puestos a su disposici\u00f3n pueden rellenarse en el idioma que usted desee, sin embargo, PERIMETRAL no se hace responsable de los errores o de la imposibilidad de atender su solicitud debido al uso de un idioma inadecuado. La cumplimentaci\u00f3n de los formularios, as\u00ed como de cualquier otro cuestionario que pueda facilitarse en un futuro, es totalmente potestativa, no obstante, la negativa a facilitar determinados datos, podr\u00e1 suponer la imposibilidad de cumplir con su petici\u00f3n.<\/p>\n\n\n\n<p><strong><em><u>RESPONSABILIDAD DEL USUARIO<\/u><\/em><\/strong><strong><em>:<\/em><\/strong><\/p>\n\n\n\n<p>El usuario declara que todos los datos aportados son verdaderos, exactos, completos y actualizados, siendo responsable de cualquier da\u00f1o o perjuicio, directo o indirecto, que pudiera ocasionarse como consecuencia del incumplimiento de tal obligaci\u00f3n. En caso de que los datos aportados pertenecieran a un tercero, el usuario garantiza que ha informado a dicho terceros de los aspectos contenidos en este documento y obtenido su autorizaci\u00f3n para facilitar sus datos a PERIMETRAL para los fines se\u00f1alados. Ser\u00e1 responsable de las informaciones falsas o inexactas que proporcione a trav\u00e9s del Sitio Web titularidad de PERIMETRAL y de los da\u00f1os y perjuicios, directos o indirectos, que ello cause a PERIMETRAL o a terceros.<\/p>\n\n\n\n<p><strong><em><u>DECISIONES AUTOMATIZADAS<\/u><\/em><\/strong><strong><em>:<\/em><\/strong><\/p>\n\n\n\n<p>Le informamos de que sus datos personales no son objeto de decisiones automatizadas. Todos los procesos de toma de decisiones de nuestra entidad relacionadas con dichos tratamientos se realizan con intervenci\u00f3n humana.<\/p>\n\n\n\n<p><strong><em><u>DESTINATARIOS DE SUS DATOS PERSONALES<\/u><\/em><\/strong><strong><em>:<\/em><\/strong><\/p>\n\n\n\n<p>Sus datos personales no se ceder\u00e1n a terceros, salvo por obligaci\u00f3n legal. Sus datos podr\u00e1n comunicados a las Administraciones P\u00fablicas competentes en la materia, a la Administraci\u00f3n Tributaria, Bancos y entidades financieras.<\/p>\n\n\n\n<p>A su vez, sus datos podr\u00e1n ser comunicados a proveedores que precisen acceder a los mismos para llevar a cabo las finalidades anteriormente descritas PERIMETRAL, con los cuales tiene suscritos contratos de encargado del tratamiento exigidos por la normativa en Protecci\u00f3n de Datos.<\/p>\n\n\n\n<p><strong><em><u>TRANSFERENCIAS INTERNACIONALES<\/u><\/em><\/strong><strong><em>:<\/em><\/strong><\/p>\n\n\n\n<p>Asimismo, PERIMETRAL podr\u00eda contratar servicios de proveedores ubicados fuera del Espacio Econ\u00f3mico Europeo que no dispongan de normativa equivalente a la europea. Sin embargo, PERIMETRAL se encarga de que la contrataci\u00f3n de los citados servicios cumpla con los requisitos establecidos por la normativa vigente en materia de Protecci\u00f3n de Datos, aplicando a dichas transferencias las garant\u00edas y salvaguardas necesarias para preservar la privacidad de sus datos de car\u00e1cter personal.<\/p>\n\n\n\n<p><strong><em><u>PLAZO DE CONSERVACI\u00d3N<\/u><\/em><\/strong><strong><em>:<\/em><\/strong><\/p>\n\n\n\n<p>Sus datos personales se conservar\u00e1n mientras se mantenga su relaci\u00f3n con el Responsable del Tratamiento y, tras la finalizaci\u00f3n de dicha relaci\u00f3n por cualquier causa, mientras no comunique usted lo contrario y durante los plazos de prescripci\u00f3n legales que sean de aplicaci\u00f3n. En este supuesto, se tratar\u00e1n a los solos efectos de acreditar el cumplimiento de las obligaciones legales o contractuales del Responsable del Tratamiento. Finalizados dichos plazos de prescripci\u00f3n, sus datos ser\u00e1n eliminados o, alternativamente, anonimizados.<\/p>\n\n\n\n<p><strong><em><u>DERECHOS DE LOS INTERESADOS<\/u><\/em><\/strong><strong>:<\/strong><\/p>\n\n\n\n<p>PERIMETRAL le informa que puede ejercer los derechos de limitaci\u00f3n del tratamiento, portabilidad de los datos, acceso, rectificaci\u00f3n, supresi\u00f3n, oposici\u00f3n y a no ser objeto de decisiones individuales automatizadas, incluida la elaboraci\u00f3n de perfiles, dirigi\u00e9ndose a &#8216;perimetral@perimetral.com&#8217; o a la direcci\u00f3n postal indicada con anterioridad.<\/p>\n\n\n\n<p>Asimismo, si usted considera que el tratamiento de sus datos personales vulnera la normativa vigente en materia de Protecci\u00f3n de Datos, puede presentar una reclamaci\u00f3n ante la Autoridad de Control, en este caso la Agencia Espa\u00f1ola de Protecci\u00f3n de Datos a trav\u00e9s de su sede electr\u00f3nica o direcci\u00f3n postal<\/p>\n","protected":false},"excerpt":{"rendered":"<p>En cumplimiento de lo dispuesto en REGLAMENTO (UE) 2016\/679 DEL PARLAMENTO EUROPEO Y DEL CONSEJO de 27 de abril de&hellip;<\/p>\n","protected":false},"author":1,"featured_media":0,"parent":0,"menu_order":0,"comment_status":"closed","ping_status":"closed","template":"","meta":{"footnotes":""},"_links":{"self":[{"href":"https:\/\/perimetral.com\/index.php\/wp-json\/wp\/v2\/pages\/862"}],"collection":[{"href":"https:\/\/perimetral.com\/index.php\/wp-json\/wp\/v2\/pages"}],"about":[{"href":"https:\/\/perimetral.com\/index.php\/wp-json\/wp\/v2\/types\/page"}],"author":[{"embeddable":true,"href":"https:\/\/perimetral.com\/index.php\/wp-json\/wp\/v2\/users\/1"}],"replies":[{"embeddable":true,"href":"https:\/\/perimetral.com\/index.php\/wp-json\/wp\/v2\/comments?post=862"}],"version-history":[{"count":1,"href":"https:\/\/perimetral.com\/index.php\/wp-json\/wp\/v2\/pages\/862\/revisions"}],"predecessor-version":[{"id":863,"href":"https:\/\/perimetral.com\/index.php\/wp-json\/wp\/v2\/pages\/862\/revisions\/863"}],"wp:attachment":[{"href":"https:\/\/perimetral.com\/index.php\/wp-json\/wp\/v2\/media?parent=862"}],"curies":[{"name":"wp","href":"https:\/\/api.w.org\/{rel}","templated":true}]}}